{"id":824,"date":"2026-02-02T13:58:53","date_gmt":"2026-02-02T12:58:53","guid":{"rendered":"https:\/\/www.wrservice.sk\/adatvedelmi-tajekoztato\/"},"modified":"2026-02-23T14:28:24","modified_gmt":"2026-02-23T13:28:24","slug":"adatvedelmi-tajekoztato","status":"publish","type":"page","link":"https:\/\/www.wrservice.sk\/hu\/adatvedelmi-tajekoztato\/","title":{"rendered":"Adatv\u00e9delmi t\u00e1j\u00e9koztat\u00f3"},"content":{"rendered":"\t\t<div data-elementor-type=\"wp-page\" data-elementor-id=\"824\" class=\"elementor elementor-824 elementor-3\" data-elementor-post-type=\"page\">\n\t\t\t\t<div class=\"elementor-element elementor-element-5f298c8b e-flex e-con-boxed e-con e-parent\" data-id=\"5f298c8b\" data-element_type=\"container\" data-e-type=\"container\">\n\t\t\t\t\t<div class=\"e-con-inner\">\n\t\t\t\t<div class=\"elementor-element elementor-element-1914ddf2 elementor-widget elementor-widget-text-editor\" data-id=\"1914ddf2\" data-element_type=\"widget\" data-e-type=\"widget\" data-widget_type=\"text-editor.default\">\n\t\t\t\t\t\t\t\t\t<h2>Mik azok a s\u00fctik (cookies)?<\/h2>\n<p>A s\u00fctik (cookies) olyan r\u00f6vid sz\u00f6veges f\u00e1jlok, amelyeket a felhaszn\u00e1l\u00f3 eszk\u00f6z\u00e9n (sz\u00e1m\u00edt\u00f3g\u00e9p, t\u00e1blag\u00e9p vagy telefon) l\u00e9v\u0151 webb\u00f6ng\u00e9sz\u0151be a megl\u00e1togatott webhely elhelyez. A s\u00fcti f\u00e1jl tartalmazza a megl\u00e1togatott webhely nev\u00e9t, a s\u00fcti \u00e9lettartam\u00e1t \u00e9s tartalm\u00e1t (bet\u0171k, sz\u00e1mjegyek vagy speci\u00e1lis karakterek) form\u00e1j\u00e1ban. Az adott weboldal ism\u00e9telt felkeres\u00e9se sor\u00e1n a webhelynek, amely a s\u00fctit eredetileg kialak\u00edtotta, a s\u00fctiben t\u00e1rolt inform\u00e1ci\u00f3-csomagot a webb\u00f6ng\u00e9sz\u0151 visszak\u00fcldi.  <br><br>A s\u00fctik megk\u00f6nny\u00edtik a weboldal haszn\u00e1lat\u00e1t. A weboldal k\u00fcl\u00f6nf\u00e9le inform\u00e1ci\u00f3kat \u00e9s be\u00e1ll\u00edt\u00e1sokat t\u00e1rol benn\u00fck \u2013 p\u00e9ld\u00e1ul megjegyzi, hogy a felhaszn\u00e1l\u00f3 bejelentkezett a saj\u00e1t fi\u00f3kj\u00e1ba \u00e9s ism\u00e9telt megkeres\u00e9sn\u00e9l a bejelentkez\u00e9si adatok \u00fajb\u00f3li megad\u00e1sa m\u00e1r nem sz\u00fcks\u00e9ges, az online \u00e1ruh\u00e1zban a s\u00fctik megjegyzik a kos\u00e1r tartalm\u00e1t \u00e9s hasonl\u00f3k. <br><br>Id\u0151szakos \u00e9s \u00e1lland\u00f3 s\u00fctiket haszn\u00e1lunk. Az id\u0151szakos (ideiglenes) s\u00fctik a webb\u00f6ng\u00e9sz\u0151 bez\u00e1r\u00e1s\u00e1ig maradnak a felhaszn\u00e1l\u00f3 eszk\u00f6z\u00e9n, ezzel ellent\u00e9tben az \u00e1lland\u00f3 s\u00fctik a felhaszn\u00e1l\u00f3 eszk\u00f6z\u00e9n el\u0151re meghat\u00e1rozott ideig &#8211; \u00e9lettartam (pl. n\u00e9h\u00e1ny napig, h\u00e9tig, h\u00f3napig) vagy a lej\u00e1rati id\u0151t megel\u0151z\u0151 t\u00f6rl\u00e9s\u00fckig vannak jelen. <br><br><\/p>\n<p> <\/p>\n<h2>Milyen s\u00fctiket haszn\u00e1lunk<\/h2>\n<h4>Technikai s\u00fctik (\u00fan. n\u00e9lk\u00fcl\u00f6zhetetlen s\u00fctik)<\/h4>\n<p>A technikai s\u00fctik a weboldal megfelel\u0151 m\u0171k\u00f6d\u00e9s\u00e9hez sz\u00fcks\u00e9gesek, mint pl. \u00e1ru kos\u00e1rba helyez\u00e9se, tartalom megjelen\u00edt\u00e9se, a felhaszn\u00e1l\u00f3i fi\u00f3kba val\u00f3 bejelentkez\u00e9s stb. Ilyen t\u00edpus\u00fa s\u00fctik eset\u00e9ben az adatkezel\u0151 jog\u00e1ban \u00e1ll a szem\u00e9lyes adatokat az elektronikus kommunik\u00e1ci\u00f3r\u00f3l sz\u00f3l\u00f3 T.t. 452\/2021. sz\u00e1m\u00fa t\u00f6rv\u00e9ny 111. \u00a7, 3. bekezd\u00e9s a) pontja rendelkez\u00e9sei \u00e9rtelm\u00e9ben a h\u00e1l\u00f3zat, a szolg\u00e1ltat\u00e1s vagy mindkett\u0151 \u00fczemeltet\u00e9s\u00e9hez sz\u00fcks\u00e9ges terjedelemben a felhaszn\u00e1l\u00f3 hozz\u00e1j\u00e1rul\u00e1sa n\u00e9lk\u00fcl is kezelni.     <\/p>\n<h4> <\/h4>\n<h4>Analitikai s\u00fctik (teljes\u00edtm\u00e9nyt fokoz\u00f3 s\u00fctik)<\/h4>\n<p>Az analitikai s\u00fctik seg\u00edts\u00e9g\u00e9vel a weboldal l\u00e1togatotts\u00e1g\u00e1t, a leggyakrabban keresett inform\u00e1ci\u00f3kat \u00e9s a honlap haszn\u00e1lat\u00e1t illet\u0151 adatokhoz juthatunk, lehet\u0151v\u00e9 teszik a weboldal egyszer\u0171bb haszn\u00e1lat\u00e1t \u00e9s jobb v\u00e1s\u00e1rl\u00e1si \u00e9lm\u00e9nyt ny\u00fajtanak. Az analitikai s\u00fcti l\u00e9nyege az, hogy seg\u00edts\u00e9g\u00e9vel felismerhet\u0151 a webhely ugyanazon webb\u00f6ng\u00e9sz\u0151b\u0151l \u00e9s ugyanazon eszk\u00f6zr\u0151l val\u00f3 ism\u00e9telt felkeres\u00e9se, egy\u00fattal nyomon k\u00f6vethet\u0151 a felhaszn\u00e1l\u00f3 tev\u00e9kenys\u00e9ge a weboldal b\u00f6ng\u00e9sz\u00e9se k\u00f6zben. Az ilyen t\u00edpus\u00fa s\u00fctik eset\u00e9ben az adatkezel\u0151 jogosult a felhaszn\u00e1l\u00f3 eszk\u00f6z\u00e9re adatokat elmenteni vagy az ott t\u00e1rolt adatokhoz hozz\u00e1f\u00e9rni, amennyiben a felhaszn\u00e1l\u00f3 ehhez az elektronikus kommunik\u00e1ci\u00f3r\u00f3l sz\u00f3l\u00f3 T.t. 452\/2021. sz\u00e1m\u00fa t\u00f6rv\u00e9ny 116. \u00a7, 5. bekezd\u00e9s rendelkez\u00e9sei \u00e9s a kapcsol\u00f3d\u00f3 109. \u00a7, 8. bekezd\u00e9se \u00e9rtelm\u00e9ben igazolhat\u00f3an hozz\u00e1j\u00e1rult.     <\/p>\n<p> <\/p>\n<h4>Marketing c\u00e9l\u00fa (hirdet\u00e9si) s\u00fctik<\/h4>\n<p>Marketing c\u00e9l\u00fa s\u00fctik seg\u00edts\u00e9g\u00e9vel a weboldalon a kor\u00e1bbi v\u00e1s\u00e1rl\u00e1si vagy keres\u00e9si preferenci\u00e1k szerint rekl\u00e1m (hirdet\u00e9s) jelen\u00edthet\u0151 meg. Az ilyen t\u00edpus\u00fa s\u00fctik eset\u00e9ben az adatkezel\u0151 jogosult a felhaszn\u00e1l\u00f3 eszk\u00f6z\u00e9re adatokat elmenteni vagy az ott t\u00e1rolt adatokhoz hozz\u00e1f\u00e9rni, amennyiben a felhaszn\u00e1l\u00f3 ehhez az elektronikus kommunik\u00e1ci\u00f3r\u00f3l sz\u00f3l\u00f3 T.t. 452\/2021. sz\u00e1m\u00fa t\u00f6rv\u00e9ny 116. \u00a7, 5. bekezd\u00e9s rendelkez\u00e9sei \u00e9s a kapcsol\u00f3d\u00f3 109. \u00a7, 8. bekezd\u00e9se \u00e9rtelm\u00e9ben igazolhat\u00f3an hozz\u00e1j\u00e1rult.    <br><br><\/p>\n<h2>Hogyan lehet kezelni a s\u00fctif\u00e1jl be\u00e1ll\u00edt\u00e1sokat<\/h2>\n<p>Amennyiben m\u00f3dos\u00edtan\u00e1 a s\u00fctif\u00e1jl be\u00e1ll\u00edt\u00e1sokat, ez ugyanolyan egyszer\u0171en val\u00f3s\u00edthat\u00f3 meg, mint a haszn\u00e1latukhoz val\u00f3 hozz\u00e1j\u00e1rul\u00e1s volt, a honlap alj\u00e1n l\u00e1that\u00f3 \u201eS\u00fctik\u201c gombbal, majd ezt k\u00f6vet\u0151en a \u201eSzem\u00e9lyre szab\u00e1s\u201c f\u00fclre kattintva.<br>A s\u00fctif\u00e1jlokat saj\u00e1t bel\u00e1t\u00e1sa szerint \u00e1ll\u00edthatja be \u00e9s\/vagy t\u00f6r\u00f6lheti. Sz\u00e1m\u00edt\u00f3g\u00e9p\u00e9n az \u00f6sszes t\u00e1rolt s\u00fctit kit\u00f6r\u00f6lheti, a b\u00f6ng\u00e9sz\u0151k nagy r\u00e9sz\u00e9n be\u00e1ll\u00edthat\u00f3 a s\u00fctik elment\u00e9s\u00e9nek letilt\u00e1sa. Ebben az esetben azonban a webhely felkeres\u00e9sekor val\u00f3sz\u00edn\u0171leg a s\u00fctiket minden alkalommal k\u00e9zileg \u00fajra be kell \u00e1ll\u00edtani \u00e9s a weboldal n\u00e9mely funkcionalit\u00e1sa nem lesz el\u00e9rhet\u0151  <\/p>\t\t\t\t\t\t\t\t<\/div>\n\t\t\t\t\t<\/div>\n\t\t\t\t<\/div>\n\t\t\t\t<\/div>\n\t\t","protected":false},"excerpt":{"rendered":"<p>Mik azok a s\u00fctik (cookies)? A s\u00fctik (cookies) olyan r\u00f6vid sz\u00f6veges f\u00e1jlok, amelyeket a felhaszn\u00e1l\u00f3 eszk\u00f6z\u00e9n (sz\u00e1m\u00edt\u00f3g\u00e9p, t\u00e1blag\u00e9p vagy telefon) l\u00e9v\u0151 webb\u00f6ng\u00e9sz\u0151be a megl\u00e1togatott webhely elhelyez. A s\u00fcti f\u00e1jl tartalmazza a megl\u00e1togatott webhely nev\u00e9t, a s\u00fcti \u00e9lettartam\u00e1t \u00e9s tartalm\u00e1t (bet\u0171k, sz\u00e1mjegyek vagy speci\u00e1lis karakterek) form\u00e1j\u00e1ban. Az adott weboldal ism\u00e9telt felkeres\u00e9se sor\u00e1n a webhelynek, amely a [&hellip;]<\/p>\n","protected":false},"author":1,"featured_media":0,"parent":0,"menu_order":0,"comment_status":"closed","ping_status":"open","template":"","meta":{"footnotes":""},"class_list":["post-824","page","type-page","status-publish","hentry"],"yoast_head":"<!-- This site is optimized with the Yoast SEO plugin v27.1.1 - https:\/\/yoast.com\/product\/yoast-seo-wordpress\/ -->\n<title>Adatv\u00e9delmi t\u00e1j\u00e9koztat\u00f3 - WRSERVICE<\/title>\n<meta name=\"robots\" content=\"index, follow, max-snippet:-1, max-image-preview:large, max-video-preview:-1\" \/>\n<link rel=\"canonical\" href=\"https:\/\/www.wrservice.sk\/hu\/adatvedelmi-tajekoztato\/\" \/>\n<meta property=\"og:locale\" content=\"hu_HU\" \/>\n<meta property=\"og:type\" content=\"article\" \/>\n<meta property=\"og:title\" content=\"Adatv\u00e9delmi t\u00e1j\u00e9koztat\u00f3 - WRSERVICE\" \/>\n<meta property=\"og:description\" content=\"Mik azok a s\u00fctik (cookies)? A s\u00fctik (cookies) olyan r\u00f6vid sz\u00f6veges f\u00e1jlok, amelyeket a felhaszn\u00e1l\u00f3 eszk\u00f6z\u00e9n (sz\u00e1m\u00edt\u00f3g\u00e9p, t\u00e1blag\u00e9p vagy telefon) l\u00e9v\u0151 webb\u00f6ng\u00e9sz\u0151be a megl\u00e1togatott webhely elhelyez. A s\u00fcti f\u00e1jl tartalmazza a megl\u00e1togatott webhely nev\u00e9t, a s\u00fcti \u00e9lettartam\u00e1t \u00e9s tartalm\u00e1t (bet\u0171k, sz\u00e1mjegyek vagy speci\u00e1lis karakterek) form\u00e1j\u00e1ban. Az adott weboldal ism\u00e9telt felkeres\u00e9se sor\u00e1n a webhelynek, amely a [&hellip;]\" \/>\n<meta property=\"og:url\" content=\"https:\/\/www.wrservice.sk\/hu\/adatvedelmi-tajekoztato\/\" \/>\n<meta property=\"og:site_name\" content=\"WRSERVICE\" \/>\n<meta property=\"article:modified_time\" content=\"2026-02-23T13:28:24+00:00\" \/>\n<meta name=\"twitter:card\" content=\"summary_large_image\" \/>\n<meta name=\"twitter:label1\" content=\"Becs\u00fclt olvas\u00e1si id\u0151\" \/>\n\t<meta name=\"twitter:data1\" content=\"4 perc\" \/>\n<script type=\"application\/ld+json\" class=\"yoast-schema-graph\">{\"@context\":\"https:\/\/schema.org\",\"@graph\":[{\"@type\":\"WebPage\",\"@id\":\"https:\/\/www.wrservice.sk\/hu\/adatvedelmi-tajekoztato\/\",\"url\":\"https:\/\/www.wrservice.sk\/hu\/adatvedelmi-tajekoztato\/\",\"name\":\"Adatv\u00e9delmi t\u00e1j\u00e9koztat\u00f3 - WRSERVICE\",\"isPartOf\":{\"@id\":\"https:\/\/www.wrservice.sk\/hu\/#website\"},\"datePublished\":\"2026-02-02T12:58:53+00:00\",\"dateModified\":\"2026-02-23T13:28:24+00:00\",\"breadcrumb\":{\"@id\":\"https:\/\/www.wrservice.sk\/hu\/adatvedelmi-tajekoztato\/#breadcrumb\"},\"inLanguage\":\"hu\",\"potentialAction\":[{\"@type\":\"ReadAction\",\"target\":[\"https:\/\/www.wrservice.sk\/hu\/adatvedelmi-tajekoztato\/\"]}]},{\"@type\":\"BreadcrumbList\",\"@id\":\"https:\/\/www.wrservice.sk\/hu\/adatvedelmi-tajekoztato\/#breadcrumb\",\"itemListElement\":[{\"@type\":\"ListItem\",\"position\":1,\"name\":\"Home\",\"item\":\"https:\/\/www.wrservice.sk\/hu\/\"},{\"@type\":\"ListItem\",\"position\":2,\"name\":\"Adatv\u00e9delmi t\u00e1j\u00e9koztat\u00f3\"}]},{\"@type\":\"WebSite\",\"@id\":\"https:\/\/www.wrservice.sk\/hu\/#website\",\"url\":\"https:\/\/www.wrservice.sk\/hu\/\",\"name\":\"WRSERVICE\",\"description\":\"Spo\u013eahliv\u00e1 pr\u00e1\u010dov\u0148a pre hotelov\u00fa a gastro bielize\u0148\",\"publisher\":{\"@id\":\"https:\/\/www.wrservice.sk\/hu\/#organization\"},\"potentialAction\":[{\"@type\":\"SearchAction\",\"target\":{\"@type\":\"EntryPoint\",\"urlTemplate\":\"https:\/\/www.wrservice.sk\/hu\/?s={search_term_string}\"},\"query-input\":{\"@type\":\"PropertyValueSpecification\",\"valueRequired\":true,\"valueName\":\"search_term_string\"}}],\"inLanguage\":\"hu\"},{\"@type\":\"Organization\",\"@id\":\"https:\/\/www.wrservice.sk\/hu\/#organization\",\"name\":\"WRSERVICE\",\"url\":\"https:\/\/www.wrservice.sk\/hu\/\",\"logo\":{\"@type\":\"ImageObject\",\"inLanguage\":\"hu\",\"@id\":\"https:\/\/www.wrservice.sk\/hu\/#\/schema\/logo\/image\/\",\"url\":\"https:\/\/www.wrservice.sk\/wp-content\/uploads\/2026\/02\/web-logo-scaled.jpg\",\"contentUrl\":\"https:\/\/www.wrservice.sk\/wp-content\/uploads\/2026\/02\/web-logo-scaled.jpg\",\"width\":2560,\"height\":1097,\"caption\":\"WRSERVICE\"},\"image\":{\"@id\":\"https:\/\/www.wrservice.sk\/hu\/#\/schema\/logo\/image\/\"}}]}<\/script>\n<!-- \/ Yoast SEO plugin. -->","yoast_head_json":{"title":"Adatv\u00e9delmi t\u00e1j\u00e9koztat\u00f3 - WRSERVICE","robots":{"index":"index","follow":"follow","max-snippet":"max-snippet:-1","max-image-preview":"max-image-preview:large","max-video-preview":"max-video-preview:-1"},"canonical":"https:\/\/www.wrservice.sk\/hu\/adatvedelmi-tajekoztato\/","og_locale":"hu_HU","og_type":"article","og_title":"Adatv\u00e9delmi t\u00e1j\u00e9koztat\u00f3 - WRSERVICE","og_description":"Mik azok a s\u00fctik (cookies)? A s\u00fctik (cookies) olyan r\u00f6vid sz\u00f6veges f\u00e1jlok, amelyeket a felhaszn\u00e1l\u00f3 eszk\u00f6z\u00e9n (sz\u00e1m\u00edt\u00f3g\u00e9p, t\u00e1blag\u00e9p vagy telefon) l\u00e9v\u0151 webb\u00f6ng\u00e9sz\u0151be a megl\u00e1togatott webhely elhelyez. A s\u00fcti f\u00e1jl tartalmazza a megl\u00e1togatott webhely nev\u00e9t, a s\u00fcti \u00e9lettartam\u00e1t \u00e9s tartalm\u00e1t (bet\u0171k, sz\u00e1mjegyek vagy speci\u00e1lis karakterek) form\u00e1j\u00e1ban. Az adott weboldal ism\u00e9telt felkeres\u00e9se sor\u00e1n a webhelynek, amely a [&hellip;]","og_url":"https:\/\/www.wrservice.sk\/hu\/adatvedelmi-tajekoztato\/","og_site_name":"WRSERVICE","article_modified_time":"2026-02-23T13:28:24+00:00","twitter_card":"summary_large_image","twitter_misc":{"Becs\u00fclt olvas\u00e1si id\u0151":"4 perc"},"schema":{"@context":"https:\/\/schema.org","@graph":[{"@type":"WebPage","@id":"https:\/\/www.wrservice.sk\/hu\/adatvedelmi-tajekoztato\/","url":"https:\/\/www.wrservice.sk\/hu\/adatvedelmi-tajekoztato\/","name":"Adatv\u00e9delmi t\u00e1j\u00e9koztat\u00f3 - WRSERVICE","isPartOf":{"@id":"https:\/\/www.wrservice.sk\/hu\/#website"},"datePublished":"2026-02-02T12:58:53+00:00","dateModified":"2026-02-23T13:28:24+00:00","breadcrumb":{"@id":"https:\/\/www.wrservice.sk\/hu\/adatvedelmi-tajekoztato\/#breadcrumb"},"inLanguage":"hu","potentialAction":[{"@type":"ReadAction","target":["https:\/\/www.wrservice.sk\/hu\/adatvedelmi-tajekoztato\/"]}]},{"@type":"BreadcrumbList","@id":"https:\/\/www.wrservice.sk\/hu\/adatvedelmi-tajekoztato\/#breadcrumb","itemListElement":[{"@type":"ListItem","position":1,"name":"Home","item":"https:\/\/www.wrservice.sk\/hu\/"},{"@type":"ListItem","position":2,"name":"Adatv\u00e9delmi t\u00e1j\u00e9koztat\u00f3"}]},{"@type":"WebSite","@id":"https:\/\/www.wrservice.sk\/hu\/#website","url":"https:\/\/www.wrservice.sk\/hu\/","name":"WRSERVICE","description":"Spo\u013eahliv\u00e1 pr\u00e1\u010dov\u0148a pre hotelov\u00fa a gastro bielize\u0148","publisher":{"@id":"https:\/\/www.wrservice.sk\/hu\/#organization"},"potentialAction":[{"@type":"SearchAction","target":{"@type":"EntryPoint","urlTemplate":"https:\/\/www.wrservice.sk\/hu\/?s={search_term_string}"},"query-input":{"@type":"PropertyValueSpecification","valueRequired":true,"valueName":"search_term_string"}}],"inLanguage":"hu"},{"@type":"Organization","@id":"https:\/\/www.wrservice.sk\/hu\/#organization","name":"WRSERVICE","url":"https:\/\/www.wrservice.sk\/hu\/","logo":{"@type":"ImageObject","inLanguage":"hu","@id":"https:\/\/www.wrservice.sk\/hu\/#\/schema\/logo\/image\/","url":"https:\/\/www.wrservice.sk\/wp-content\/uploads\/2026\/02\/web-logo-scaled.jpg","contentUrl":"https:\/\/www.wrservice.sk\/wp-content\/uploads\/2026\/02\/web-logo-scaled.jpg","width":2560,"height":1097,"caption":"WRSERVICE"},"image":{"@id":"https:\/\/www.wrservice.sk\/hu\/#\/schema\/logo\/image\/"}}]}},"_links":{"self":[{"href":"https:\/\/www.wrservice.sk\/hu\/wp-json\/wp\/v2\/pages\/824","targetHints":{"allow":["GET"]}}],"collection":[{"href":"https:\/\/www.wrservice.sk\/hu\/wp-json\/wp\/v2\/pages"}],"about":[{"href":"https:\/\/www.wrservice.sk\/hu\/wp-json\/wp\/v2\/types\/page"}],"author":[{"embeddable":true,"href":"https:\/\/www.wrservice.sk\/hu\/wp-json\/wp\/v2\/users\/1"}],"replies":[{"embeddable":true,"href":"https:\/\/www.wrservice.sk\/hu\/wp-json\/wp\/v2\/comments?post=824"}],"version-history":[{"count":1,"href":"https:\/\/www.wrservice.sk\/hu\/wp-json\/wp\/v2\/pages\/824\/revisions"}],"predecessor-version":[{"id":825,"href":"https:\/\/www.wrservice.sk\/hu\/wp-json\/wp\/v2\/pages\/824\/revisions\/825"}],"wp:attachment":[{"href":"https:\/\/www.wrservice.sk\/hu\/wp-json\/wp\/v2\/media?parent=824"}],"curies":[{"name":"wp","href":"https:\/\/api.w.org\/{rel}","templated":true}]}}