{"id":822,"date":"2026-02-02T13:58:53","date_gmt":"2026-02-02T12:58:53","guid":{"rendered":"https:\/\/www.wrservice.sk\/datenschutzbestimmungen\/"},"modified":"2026-02-23T14:15:29","modified_gmt":"2026-02-23T13:15:29","slug":"datenschutzbestimmungen","status":"publish","type":"page","link":"https:\/\/www.wrservice.sk\/de\/datenschutzbestimmungen\/","title":{"rendered":"Datenschutzbestimmungen"},"content":{"rendered":"\t\t<div data-elementor-type=\"wp-page\" data-elementor-id=\"822\" class=\"elementor elementor-822 elementor-3\" data-elementor-post-type=\"page\">\n\t\t\t\t<div class=\"elementor-element elementor-element-5f298c8b e-flex e-con-boxed e-con e-parent\" data-id=\"5f298c8b\" data-element_type=\"container\" data-e-type=\"container\">\n\t\t\t\t\t<div class=\"e-con-inner\">\n\t\t\t\t<div class=\"elementor-element elementor-element-1914ddf2 elementor-widget elementor-widget-text-editor\" data-id=\"1914ddf2\" data-element_type=\"widget\" data-e-type=\"widget\" data-widget_type=\"text-editor.default\">\n\t\t\t\t\t\t\t\t\t<h2>Was sind Cookies?<\/h2>\n<p>Cookies sind kleine Textdateien, die beim Besuch der Webseite in Ihrem Endger\u00e4t (Computer, Tablett oder Smartphone) gespeichert werden. Die Dateien enthalten die Bezeichnung der Webseite, von der sie stammen, ihre G\u00fcltigkeit und ihren Inhalt (Buchstaben, Nummern oder Sonderzeichen). Beim n\u00e4chsten Besuch derselben Webseite schickt der Browser Informationen, die in den Cookies gespeichert sind, zur\u00fcck zur Webseite, die die Dateien urspr\u00fcnglich gebildet hat.  <br><br>Cookies erleichtern die Nutzung der Webseite. Die Webseite speichert darin verschiedene Informationen und Einstellungen \u2013 sie merkt sich zum Beispiel, dass Sie in Ihr Nutzerkonto angemeldet sind, sodass Sie beim n\u00e4chsten Einlesen Ihre Nutzerdaten nicht erneut eingeben m\u00fcssen; sie dienen zur Speicherung des Inhalts Ihres Warenkorbs im E-shop usw. <br><br>Wir verwenden vor\u00fcbergehende und permanente Cookies. Vor\u00fcbergehende Cookies werden nach dem Schlie\u00dfen des Browserfensters gel\u00f6scht; permanente Cookies verbleiben jedoch in Ihrem Endger\u00e4t bis zum Ablauf ihrer G\u00fcltigkeit (z. B. ein paar Tage, Wochen, Monate), oder bis Sie sie manuell l\u00f6schen. <br><br><\/p>\n<p> <\/p>\n<h2>Welche Cookies verwenden wir<\/h2>\n<h4>Technische Cookies (sog. Basis-Cookies)<\/h4>\n<p>Mit Hilfe von technischen Cookies wird der ordnungsm\u00e4\u00dfige Betrieb der Webseite gew\u00e4hrleistet, wie z. B. die Speicherung von Waren im Warenkorb, die Abbildung des Inhalts, die Anmeldung in das Nutzerkonto usw. Bei dieser Cookie-Art ist der Betreiber berechtigt, die Daten im notwendigen Umfang auch ohne die Zustimmung des Nutzers zum Zweck des Betriebs, des Netzwerks und der Dienstleistung im Sinne der Bestimmung \u00a7 111 Abs. 3 Buchst. a) Gesetz Nr. 452\/2021 GBl. \u00fcber elektronische Kommunikationen zu verarbeiten.     <\/p>\n<h4> <\/h4>\n<h4>Analytische Cookies<\/h4>\n<p>Mit Hilfe von diesen Cookies k\u00f6nnen Angaben \u00fcber den Besucherverkehr auf der Webseite und Informationen erworben werden, die Sie am h\u00e4ufigsten aufsuchen und wie Sie sich bewegen, damit eine einfachere Nutzung und ein besseres Erlebnis beim Einkaufen gew\u00e4hrleistet werden. Das Wesen von analytischen Cookies ist es, einen wiederholten Besuch der Webseite von demselben Browser mit demselben Endger\u00e4t wiederzuerkennen, gleichzeitig kann die Aktivit\u00e4t des Besuchers beim Besichtigen der Webseite verfolgt werden. Bei dieser Cookie-Art ist der Betreiber berechtigt, im Endger\u00e4t des Nutzers Informationen zu speichern oder Zugang zu ihnen zu erhalten, falls der betroffene Nutzer seine Zustimmung im Sinne der Bestimmung \u00a7 109 Abs. 8 in Verbindung mit \u00a7 116 Abs. 5 Gesetz Nr. 452\/2021 GBl. \u00fcber elektronische Kommunikationen erteilte.     <\/p>\n<p> <\/p>\n<h4>Marketing-Cookies<\/h4>\n<p>Mit Hilfe von diesen Cookies kann auf der Webseite Werbung in Abh\u00e4ngigkeit von Ihren fr\u00fcheren Einkaufs- oder Suchpr\u00e4ferenzen abgebildet werden. Bei dieser Cookie-Art ist der Betreiber berechtigt, im Endger\u00e4t des Nutzers Informationen zu speichern oder Zugang zu ihnen zu erhalten, falls der betroffene Nutzer seine Zustimmung im Sinne der Bestimmung \u00a7 109 Abs. 8 in Verbindung mit \u00a7 116 Abs. 5 Gesetz Nr. 452\/2021 GBl. \u00fcber elektronische Kommunikationen erteilte.    <br><br><\/p>\n<h2>Wie k\u00f6nnen Sie die Cookie-Dateien kontrollieren<\/h2>\n<p>Falls Sie die Verarbeitung von Cookie-Dateien \u00e4ndern m\u00f6chten, k\u00f6nnen Sie das genauso einfach wie bei der Erteilung der Zustimmung vornehmen, und zwar im unteren Teil der Homepage unter der Taste \u201eCookies\u201c und anschlie\u00dfend \u201eAnpassen\u201c.<br>Sie k\u00f6nnen die Cookie-Dateien nach Ihrer Erw\u00e4gung kontrollieren und\/oder l\u00f6schen. Sie k\u00f6nnen alle in Ihrem Computer gespeicherten Cookies l\u00f6schen und die meisten Browser so einstellen, dass Sie ihre Speicherung verhindern. In diesem Fall werden Sie wahrscheinlich bei jedem Besuch der Webseite bestimmte Einstellungen manuell anpassen m\u00fcssen, und einige Dienstleistungen und Funktionen werden nicht funktionieren.  <\/p>\t\t\t\t\t\t\t\t<\/div>\n\t\t\t\t\t<\/div>\n\t\t\t\t<\/div>\n\t\t\t\t<\/div>\n\t\t","protected":false},"excerpt":{"rendered":"<p>Was sind Cookies? Cookies sind kleine Textdateien, die beim Besuch der Webseite in Ihrem Endger\u00e4t (Computer, Tablett oder Smartphone) gespeichert werden. Die Dateien enthalten die Bezeichnung der Webseite, von der sie stammen, ihre G\u00fcltigkeit und ihren Inhalt (Buchstaben, Nummern oder Sonderzeichen). Beim n\u00e4chsten Besuch derselben Webseite schickt der Browser Informationen, die in den Cookies gespeichert [&hellip;]<\/p>\n","protected":false},"author":1,"featured_media":0,"parent":0,"menu_order":0,"comment_status":"closed","ping_status":"open","template":"","meta":{"footnotes":""},"class_list":["post-822","page","type-page","status-publish","hentry"],"yoast_head":"<!-- This site is optimized with the Yoast SEO plugin v27.1.1 - https:\/\/yoast.com\/product\/yoast-seo-wordpress\/ -->\n<title>Datenschutzbestimmungen - WRSERVICE<\/title>\n<meta name=\"robots\" content=\"index, follow, max-snippet:-1, max-image-preview:large, max-video-preview:-1\" \/>\n<link rel=\"canonical\" href=\"https:\/\/www.wrservice.sk\/de\/datenschutzbestimmungen\/\" \/>\n<meta property=\"og:locale\" content=\"de_DE\" \/>\n<meta property=\"og:type\" content=\"article\" \/>\n<meta property=\"og:title\" content=\"Datenschutzbestimmungen - WRSERVICE\" \/>\n<meta property=\"og:description\" content=\"Was sind Cookies? Cookies sind kleine Textdateien, die beim Besuch der Webseite in Ihrem Endger\u00e4t (Computer, Tablett oder Smartphone) gespeichert werden. Die Dateien enthalten die Bezeichnung der Webseite, von der sie stammen, ihre G\u00fcltigkeit und ihren Inhalt (Buchstaben, Nummern oder Sonderzeichen). Beim n\u00e4chsten Besuch derselben Webseite schickt der Browser Informationen, die in den Cookies gespeichert [&hellip;]\" \/>\n<meta property=\"og:url\" content=\"https:\/\/www.wrservice.sk\/de\/datenschutzbestimmungen\/\" \/>\n<meta property=\"og:site_name\" content=\"WRSERVICE\" \/>\n<meta property=\"article:modified_time\" content=\"2026-02-23T13:15:29+00:00\" \/>\n<meta name=\"twitter:card\" content=\"summary_large_image\" \/>\n<meta name=\"twitter:label1\" content=\"Gesch\u00e4tzte Lesezeit\" \/>\n\t<meta name=\"twitter:data1\" content=\"3\u00a0Minuten\" \/>\n<script type=\"application\/ld+json\" class=\"yoast-schema-graph\">{\"@context\":\"https:\/\/schema.org\",\"@graph\":[{\"@type\":\"WebPage\",\"@id\":\"https:\/\/www.wrservice.sk\/de\/datenschutzbestimmungen\/\",\"url\":\"https:\/\/www.wrservice.sk\/de\/datenschutzbestimmungen\/\",\"name\":\"Datenschutzbestimmungen - WRSERVICE\",\"isPartOf\":{\"@id\":\"https:\/\/www.wrservice.sk\/de\/#website\"},\"datePublished\":\"2026-02-02T12:58:53+00:00\",\"dateModified\":\"2026-02-23T13:15:29+00:00\",\"breadcrumb\":{\"@id\":\"https:\/\/www.wrservice.sk\/de\/datenschutzbestimmungen\/#breadcrumb\"},\"inLanguage\":\"de\",\"potentialAction\":[{\"@type\":\"ReadAction\",\"target\":[\"https:\/\/www.wrservice.sk\/de\/datenschutzbestimmungen\/\"]}]},{\"@type\":\"BreadcrumbList\",\"@id\":\"https:\/\/www.wrservice.sk\/de\/datenschutzbestimmungen\/#breadcrumb\",\"itemListElement\":[{\"@type\":\"ListItem\",\"position\":1,\"name\":\"Home\",\"item\":\"https:\/\/www.wrservice.sk\/de\/\"},{\"@type\":\"ListItem\",\"position\":2,\"name\":\"Datenschutzbestimmungen\"}]},{\"@type\":\"WebSite\",\"@id\":\"https:\/\/www.wrservice.sk\/de\/#website\",\"url\":\"https:\/\/www.wrservice.sk\/de\/\",\"name\":\"WRSERVICE\",\"description\":\"Spo\u013eahliv\u00e1 pr\u00e1\u010dov\u0148a pre hotelov\u00fa a gastro bielize\u0148\",\"publisher\":{\"@id\":\"https:\/\/www.wrservice.sk\/de\/#organization\"},\"potentialAction\":[{\"@type\":\"SearchAction\",\"target\":{\"@type\":\"EntryPoint\",\"urlTemplate\":\"https:\/\/www.wrservice.sk\/de\/?s={search_term_string}\"},\"query-input\":{\"@type\":\"PropertyValueSpecification\",\"valueRequired\":true,\"valueName\":\"search_term_string\"}}],\"inLanguage\":\"de\"},{\"@type\":\"Organization\",\"@id\":\"https:\/\/www.wrservice.sk\/de\/#organization\",\"name\":\"WRSERVICE\",\"url\":\"https:\/\/www.wrservice.sk\/de\/\",\"logo\":{\"@type\":\"ImageObject\",\"inLanguage\":\"de\",\"@id\":\"https:\/\/www.wrservice.sk\/de\/#\/schema\/logo\/image\/\",\"url\":\"https:\/\/www.wrservice.sk\/wp-content\/uploads\/2026\/02\/web-logo-scaled.jpg\",\"contentUrl\":\"https:\/\/www.wrservice.sk\/wp-content\/uploads\/2026\/02\/web-logo-scaled.jpg\",\"width\":2560,\"height\":1097,\"caption\":\"WRSERVICE\"},\"image\":{\"@id\":\"https:\/\/www.wrservice.sk\/de\/#\/schema\/logo\/image\/\"}}]}<\/script>\n<!-- \/ Yoast SEO plugin. -->","yoast_head_json":{"title":"Datenschutzbestimmungen - WRSERVICE","robots":{"index":"index","follow":"follow","max-snippet":"max-snippet:-1","max-image-preview":"max-image-preview:large","max-video-preview":"max-video-preview:-1"},"canonical":"https:\/\/www.wrservice.sk\/de\/datenschutzbestimmungen\/","og_locale":"de_DE","og_type":"article","og_title":"Datenschutzbestimmungen - WRSERVICE","og_description":"Was sind Cookies? Cookies sind kleine Textdateien, die beim Besuch der Webseite in Ihrem Endger\u00e4t (Computer, Tablett oder Smartphone) gespeichert werden. Die Dateien enthalten die Bezeichnung der Webseite, von der sie stammen, ihre G\u00fcltigkeit und ihren Inhalt (Buchstaben, Nummern oder Sonderzeichen). Beim n\u00e4chsten Besuch derselben Webseite schickt der Browser Informationen, die in den Cookies gespeichert [&hellip;]","og_url":"https:\/\/www.wrservice.sk\/de\/datenschutzbestimmungen\/","og_site_name":"WRSERVICE","article_modified_time":"2026-02-23T13:15:29+00:00","twitter_card":"summary_large_image","twitter_misc":{"Gesch\u00e4tzte Lesezeit":"3\u00a0Minuten"},"schema":{"@context":"https:\/\/schema.org","@graph":[{"@type":"WebPage","@id":"https:\/\/www.wrservice.sk\/de\/datenschutzbestimmungen\/","url":"https:\/\/www.wrservice.sk\/de\/datenschutzbestimmungen\/","name":"Datenschutzbestimmungen - WRSERVICE","isPartOf":{"@id":"https:\/\/www.wrservice.sk\/de\/#website"},"datePublished":"2026-02-02T12:58:53+00:00","dateModified":"2026-02-23T13:15:29+00:00","breadcrumb":{"@id":"https:\/\/www.wrservice.sk\/de\/datenschutzbestimmungen\/#breadcrumb"},"inLanguage":"de","potentialAction":[{"@type":"ReadAction","target":["https:\/\/www.wrservice.sk\/de\/datenschutzbestimmungen\/"]}]},{"@type":"BreadcrumbList","@id":"https:\/\/www.wrservice.sk\/de\/datenschutzbestimmungen\/#breadcrumb","itemListElement":[{"@type":"ListItem","position":1,"name":"Home","item":"https:\/\/www.wrservice.sk\/de\/"},{"@type":"ListItem","position":2,"name":"Datenschutzbestimmungen"}]},{"@type":"WebSite","@id":"https:\/\/www.wrservice.sk\/de\/#website","url":"https:\/\/www.wrservice.sk\/de\/","name":"WRSERVICE","description":"Spo\u013eahliv\u00e1 pr\u00e1\u010dov\u0148a pre hotelov\u00fa a gastro bielize\u0148","publisher":{"@id":"https:\/\/www.wrservice.sk\/de\/#organization"},"potentialAction":[{"@type":"SearchAction","target":{"@type":"EntryPoint","urlTemplate":"https:\/\/www.wrservice.sk\/de\/?s={search_term_string}"},"query-input":{"@type":"PropertyValueSpecification","valueRequired":true,"valueName":"search_term_string"}}],"inLanguage":"de"},{"@type":"Organization","@id":"https:\/\/www.wrservice.sk\/de\/#organization","name":"WRSERVICE","url":"https:\/\/www.wrservice.sk\/de\/","logo":{"@type":"ImageObject","inLanguage":"de","@id":"https:\/\/www.wrservice.sk\/de\/#\/schema\/logo\/image\/","url":"https:\/\/www.wrservice.sk\/wp-content\/uploads\/2026\/02\/web-logo-scaled.jpg","contentUrl":"https:\/\/www.wrservice.sk\/wp-content\/uploads\/2026\/02\/web-logo-scaled.jpg","width":2560,"height":1097,"caption":"WRSERVICE"},"image":{"@id":"https:\/\/www.wrservice.sk\/de\/#\/schema\/logo\/image\/"}}]}},"_links":{"self":[{"href":"https:\/\/www.wrservice.sk\/de\/wp-json\/wp\/v2\/pages\/822","targetHints":{"allow":["GET"]}}],"collection":[{"href":"https:\/\/www.wrservice.sk\/de\/wp-json\/wp\/v2\/pages"}],"about":[{"href":"https:\/\/www.wrservice.sk\/de\/wp-json\/wp\/v2\/types\/page"}],"author":[{"embeddable":true,"href":"https:\/\/www.wrservice.sk\/de\/wp-json\/wp\/v2\/users\/1"}],"replies":[{"embeddable":true,"href":"https:\/\/www.wrservice.sk\/de\/wp-json\/wp\/v2\/comments?post=822"}],"version-history":[{"count":1,"href":"https:\/\/www.wrservice.sk\/de\/wp-json\/wp\/v2\/pages\/822\/revisions"}],"predecessor-version":[{"id":823,"href":"https:\/\/www.wrservice.sk\/de\/wp-json\/wp\/v2\/pages\/822\/revisions\/823"}],"wp:attachment":[{"href":"https:\/\/www.wrservice.sk\/de\/wp-json\/wp\/v2\/media?parent=822"}],"curies":[{"name":"wp","href":"https:\/\/api.w.org\/{rel}","templated":true}]}}