{"id":778,"date":"2026-02-06T07:54:53","date_gmt":"2026-02-06T06:54:53","guid":{"rendered":"https:\/\/www.wrservice.sk\/unsere-leistungen\/"},"modified":"2026-03-09T11:08:34","modified_gmt":"2026-03-09T10:08:34","slug":"unsere-leistungen","status":"publish","type":"page","link":"https:\/\/www.wrservice.sk\/de\/unsere-leistungen\/","title":{"rendered":"Unsere Leistungen"},"content":{"rendered":"\t\t<div data-elementor-type=\"wp-page\" data-elementor-id=\"778\" class=\"elementor elementor-778 elementor-29\" data-elementor-post-type=\"page\">\n\t\t\t\t<div class=\"elementor-element elementor-element-3efdae7 e-con-full e-flex e-con e-parent\" data-id=\"3efdae7\" data-element_type=\"container\" data-e-type=\"container\">\n\t\t<div class=\"elementor-element elementor-element-5f02ee9 e-flex e-con-boxed e-con e-child\" data-id=\"5f02ee9\" data-element_type=\"container\" data-e-type=\"container\" data-settings=\"{&quot;background_background&quot;:&quot;classic&quot;}\">\n\t\t\t\t\t<div class=\"e-con-inner\">\n\t\t\t\t<div class=\"elementor-element elementor-element-6017f83 elementor-widget__width-initial elementor-widget elementor-widget-heading\" data-id=\"6017f83\" data-element_type=\"widget\" data-e-type=\"widget\" data-widget_type=\"heading.default\">\n\t\t\t\t\t<h1 class=\"elementor-heading-title elementor-size-default\">Hochwertiger Service, respektvolle Kommunikation, Einhaltung von Terminen<\/h1>\t\t\t\t<\/div>\n\t\t\t\t<div class=\"elementor-element elementor-element-2fba9c4 elementor-widget elementor-widget-button\" data-id=\"2fba9c4\" data-element_type=\"widget\" data-e-type=\"widget\" data-widget_type=\"button.default\">\n\t\t\t\t\t\t\t\t\t\t<a class=\"elementor-button elementor-button-link elementor-size-sm elementor-animation-grow\" href=\"https:\/\/www.wrservice.sk\/de\/kontakt\/\">\n\t\t\t\t\t\t<span class=\"elementor-button-content-wrapper\">\n\t\t\t\t\t\t<span class=\"elementor-button-icon\">\n\t\t\t\t<svg xmlns=\"http:\/\/www.w3.org\/2000\/svg\" id=\"Layer_2\" viewBox=\"0 0 708.7 708.7\"><defs><style>      .st0 {        fill: #fff;      }    <\/style><\/defs><g><path class=\"st0\" d=\"M386,354.3s71.9,107.9,143.9,107.9,107.9-48.3,107.9-107.9-48.3-107.9-107.9-107.9-143.9,107.9-143.9,107.9ZM555,286.9c27.3,10.2,46.8,36.5,46.8,67.4s-19.5,57.2-46.8,67.4c-5.1,1.9-9.7-3.9-6.7-8.4,11.1-16.9,17.5-37.2,17.5-59s-6.4-42-17.5-59c-3-4.6,1.6-10.4,6.7-8.4Z\"><\/path><path class=\"st0\" d=\"M322.7,354.3s-71.9-107.9-143.9-107.9-107.9,48.3-107.9,107.9,48.3,107.9,107.9,107.9,143.9-107.9,143.9-107.9ZM153.6,421.7c-27.3-10.2-46.8-36.5-46.8-67.4s19.5-57.2,46.8-67.4c5.1-1.9,9.7,3.9,6.7,8.4-11.1,16.9-17.5,37.2-17.5,59s6.4,42,17.5,59c3,4.6-1.6,10.4-6.7,8.4Z\"><\/path><\/g><g><path class=\"st0\" d=\"M354.3,322.7s107.9-71.9,107.9-143.9-48.3-107.9-107.9-107.9-107.9,48.3-107.9,107.9,107.9,143.9,107.9,143.9ZM286.9,153.6c10.2-27.3,36.5-46.8,67.4-46.8s57.2,19.5,67.4,46.8c1.9,5.1-3.9,9.7-8.4,6.7-16.9-11.1-37.2-17.5-59-17.5s-42,6.4-59,17.5c-4.6,3-10.4-1.6-8.4-6.7Z\"><\/path><path class=\"st0\" d=\"M354.3,386s-107.9,71.9-107.9,143.9,48.3,107.9,107.9,107.9,107.9-48.3,107.9-107.9-107.9-143.9-107.9-143.9ZM421.7,555c-10.2,27.3-36.5,46.8-67.4,46.8s-57.2-19.5-67.4-46.8c-1.9-5.1,3.9-9.7,8.4-6.7,16.9,11.1,37.2,17.5,59,17.5s42-6.4,59-17.5c4.6-3,10.4,1.6,8.4,6.7Z\"><\/path><\/g><\/svg>\t\t\t<\/span>\n\t\t\t\t\t\t\t\t\t<span class=\"elementor-button-text\">Kontakt<\/span>\n\t\t\t\t\t<\/span>\n\t\t\t\t\t<\/a>\n\t\t\t\t\t\t\t\t<\/div>\n\t\t\t\t\t<\/div>\n\t\t\t\t<\/div>\n\t\t\t\t<div class=\"elementor-element elementor-element-317cab6 elementor-widget__width-initial elementor-widget elementor-widget-image\" data-id=\"317cab6\" data-element_type=\"widget\" data-e-type=\"widget\" data-widget_type=\"image.default\">\n\t\t\t\t\t\t\t\t\t\t\t\t\t\t\t<img fetchpriority=\"high\" decoding=\"async\" width=\"800\" height=\"800\" src=\"https:\/\/www.wrservice.sk\/wp-content\/uploads\/2026\/02\/WR-SERVICE_pattern_RGB-1024x1024.png\" class=\"attachment-large size-large wp-image-605\" alt=\"\" srcset=\"https:\/\/www.wrservice.sk\/wp-content\/uploads\/2026\/02\/WR-SERVICE_pattern_RGB-1024x1024.png 1024w, https:\/\/www.wrservice.sk\/wp-content\/uploads\/2026\/02\/WR-SERVICE_pattern_RGB-300x300.png 300w, https:\/\/www.wrservice.sk\/wp-content\/uploads\/2026\/02\/WR-SERVICE_pattern_RGB-150x150.png 150w, https:\/\/www.wrservice.sk\/wp-content\/uploads\/2026\/02\/WR-SERVICE_pattern_RGB-768x768.png 768w, https:\/\/www.wrservice.sk\/wp-content\/uploads\/2026\/02\/WR-SERVICE_pattern_RGB-1536x1536.png 1536w, https:\/\/www.wrservice.sk\/wp-content\/uploads\/2026\/02\/WR-SERVICE_pattern_RGB-2048x2048.png 2048w\" sizes=\"(max-width: 800px) 100vw, 800px\" \/>\t\t\t\t\t\t\t\t\t\t\t\t\t\t\t<\/div>\n\t\t\t\t<\/div>\n\t\t<div class=\"elementor-element elementor-element-2783cb0 e-flex e-con-boxed e-con e-parent\" data-id=\"2783cb0\" data-element_type=\"container\" data-e-type=\"container\">\n\t\t\t\t\t<div class=\"e-con-inner\">\n\t\t<div class=\"elementor-element elementor-element-2ac55e2 e-con-full e-flex e-con e-child\" data-id=\"2ac55e2\" data-element_type=\"container\" data-e-type=\"container\">\n\t\t\t\t<div class=\"elementor-element elementor-element-865b3a3 elementor-widget elementor-widget-image\" data-id=\"865b3a3\" data-element_type=\"widget\" data-e-type=\"widget\" data-widget_type=\"image.default\">\n\t\t\t\t\t\t\t\t\t\t\t\t\t\t\t<img decoding=\"async\" width=\"388\" height=\"343\" src=\"https:\/\/www.wrservice.sk\/wp-content\/uploads\/2026\/02\/WR-SERVICE_ikony_kvet_11.png\" class=\"attachment-large size-large wp-image-606\" alt=\"\" srcset=\"https:\/\/www.wrservice.sk\/wp-content\/uploads\/2026\/02\/WR-SERVICE_ikony_kvet_11.png 388w, https:\/\/www.wrservice.sk\/wp-content\/uploads\/2026\/02\/WR-SERVICE_ikony_kvet_11-300x265.png 300w\" sizes=\"(max-width: 388px) 100vw, 388px\" \/>\t\t\t\t\t\t\t\t\t\t\t\t\t\t\t<\/div>\n\t\t\t\t<div class=\"elementor-element elementor-element-4bc98ba elementor-widget elementor-widget-heading\" data-id=\"4bc98ba\" data-element_type=\"widget\" data-e-type=\"widget\" data-widget_type=\"heading.default\">\n\t\t\t\t\t<h3 class=\"elementor-heading-title elementor-size-default\">Vermieten und Waschen von W\u00e4sche<\/h3>\t\t\t\t<\/div>\n\t\t\t\t<div class=\"elementor-element elementor-element-ac1dab9 elementor-widget elementor-widget-text-editor\" data-id=\"ac1dab9\" data-element_type=\"widget\" data-e-type=\"widget\" data-widget_type=\"text-editor.default\">\n\t\t\t\t\t\t\t\t\t<p>Dank dieser Dienstleistung erhalten Sie hochwertige, 100 % ige Baumwollw\u00e4sche f\u00fcr Ihr Gesch\u00e4ft. Sie m\u00fcssen sich weder um ihren Einkauf noch um ihre Lagerung k\u00fcmmern. Wir erscheinen stets zum vereinbarten Zeitpunkt und liefern eine saubere Ladung, die den Bedarf Ihrer aktuellen Saison kopiert.  <\/p>\t\t\t\t\t\t\t\t<\/div>\n\t\t\t\t<div class=\"elementor-element elementor-element-304c3eb elementor-widget elementor-widget-button\" data-id=\"304c3eb\" data-element_type=\"widget\" data-e-type=\"widget\" data-widget_type=\"button.default\">\n\t\t\t\t\t\t\t\t\t\t<a class=\"elementor-button elementor-button-link elementor-size-sm elementor-animation-grow\" href=\"https:\/\/www.wrservice.sk\/de\/unsere-leistungen\/vermieten-und-waschen-von-waesche\/\">\n\t\t\t\t\t\t<span class=\"elementor-button-content-wrapper\">\n\t\t\t\t\t\t<span class=\"elementor-button-icon\">\n\t\t\t\t<svg xmlns=\"http:\/\/www.w3.org\/2000\/svg\" id=\"Layer_2\" viewBox=\"0 0 708.7 708.7\"><defs><style>      .st0 {        fill: #fff;      }    <\/style><\/defs><g><path class=\"st0\" d=\"M386,354.3s71.9,107.9,143.9,107.9,107.9-48.3,107.9-107.9-48.3-107.9-107.9-107.9-143.9,107.9-143.9,107.9ZM555,286.9c27.3,10.2,46.8,36.5,46.8,67.4s-19.5,57.2-46.8,67.4c-5.1,1.9-9.7-3.9-6.7-8.4,11.1-16.9,17.5-37.2,17.5-59s-6.4-42-17.5-59c-3-4.6,1.6-10.4,6.7-8.4Z\"><\/path><path class=\"st0\" d=\"M322.7,354.3s-71.9-107.9-143.9-107.9-107.9,48.3-107.9,107.9,48.3,107.9,107.9,107.9,143.9-107.9,143.9-107.9ZM153.6,421.7c-27.3-10.2-46.8-36.5-46.8-67.4s19.5-57.2,46.8-67.4c5.1-1.9,9.7,3.9,6.7,8.4-11.1,16.9-17.5,37.2-17.5,59s6.4,42,17.5,59c3,4.6-1.6,10.4-6.7,8.4Z\"><\/path><\/g><g><path class=\"st0\" d=\"M354.3,322.7s107.9-71.9,107.9-143.9-48.3-107.9-107.9-107.9-107.9,48.3-107.9,107.9,107.9,143.9,107.9,143.9ZM286.9,153.6c10.2-27.3,36.5-46.8,67.4-46.8s57.2,19.5,67.4,46.8c1.9,5.1-3.9,9.7-8.4,6.7-16.9-11.1-37.2-17.5-59-17.5s-42,6.4-59,17.5c-4.6,3-10.4-1.6-8.4-6.7Z\"><\/path><path class=\"st0\" d=\"M354.3,386s-107.9,71.9-107.9,143.9,48.3,107.9,107.9,107.9,107.9-48.3,107.9-107.9-107.9-143.9-107.9-143.9ZM421.7,555c-10.2,27.3-36.5,46.8-67.4,46.8s-57.2-19.5-67.4-46.8c-1.9-5.1,3.9-9.7,8.4-6.7,16.9,11.1,37.2,17.5,59,17.5s42-6.4,59-17.5c4.6-3,10.4,1.6,8.4,6.7Z\"><\/path><\/g><\/svg>\t\t\t<\/span>\n\t\t\t\t\t\t\t\t\t<span class=\"elementor-button-text\">Mehr erfahren<\/span>\n\t\t\t\t\t<\/span>\n\t\t\t\t\t<\/a>\n\t\t\t\t\t\t\t\t<\/div>\n\t\t\t\t<\/div>\n\t\t<div class=\"elementor-element elementor-element-385acc8 e-con-full e-flex e-con e-child\" data-id=\"385acc8\" data-element_type=\"container\" data-e-type=\"container\">\n\t\t\t\t<div class=\"elementor-element elementor-element-4231ece elementor-widget elementor-widget-image\" data-id=\"4231ece\" data-element_type=\"widget\" data-e-type=\"widget\" data-widget_type=\"image.default\">\n\t\t\t\t\t\t\t\t\t\t\t\t\t\t\t<img decoding=\"async\" width=\"373\" height=\"373\" src=\"https:\/\/www.wrservice.sk\/wp-content\/uploads\/2026\/02\/WR-SERVICE_ikony_kvet_14.png\" class=\"attachment-large size-large wp-image-607\" alt=\"\" srcset=\"https:\/\/www.wrservice.sk\/wp-content\/uploads\/2026\/02\/WR-SERVICE_ikony_kvet_14.png 373w, https:\/\/www.wrservice.sk\/wp-content\/uploads\/2026\/02\/WR-SERVICE_ikony_kvet_14-300x300.png 300w, https:\/\/www.wrservice.sk\/wp-content\/uploads\/2026\/02\/WR-SERVICE_ikony_kvet_14-150x150.png 150w\" sizes=\"(max-width: 373px) 100vw, 373px\" \/>\t\t\t\t\t\t\t\t\t\t\t\t\t\t\t<\/div>\n\t\t\t\t<div class=\"elementor-element elementor-element-463ecee elementor-widget elementor-widget-heading\" data-id=\"463ecee\" data-element_type=\"widget\" data-e-type=\"widget\" data-widget_type=\"heading.default\">\n\t\t\t\t\t<h3 class=\"elementor-heading-title elementor-size-default\">Waschen Ihrer eigenen W\u00e4sche<\/h3>\t\t\t\t<\/div>\n\t\t\t\t<div class=\"elementor-element elementor-element-8811983 elementor-widget elementor-widget-text-editor\" data-id=\"8811983\" data-element_type=\"widget\" data-e-type=\"widget\" data-widget_type=\"text-editor.default\">\n\t\t\t\t\t\t\t\t\t<p>Wenn Sie eine zuverl\u00e4ssige W\u00e4scherei f\u00fcr die W\u00e4sche ben\u00f6tigen, die Sie in Ihrem Gesch\u00e4ft verwenden, kontaktieren Sie uns. Wir k\u00f6nnen Ihnen die Woche bis zu 3mal in der Woche bringen. Die W\u00e4sche behandeln wir wie unsere eigene und auf ihren eventuellen Verschlei\u00df weisen wir Sie hin.  <\/p>\t\t\t\t\t\t\t\t<\/div>\n\t\t\t\t<div class=\"elementor-element elementor-element-bf90f27 elementor-widget elementor-widget-button\" data-id=\"bf90f27\" data-element_type=\"widget\" data-e-type=\"widget\" data-widget_type=\"button.default\">\n\t\t\t\t\t\t\t\t\t\t<a class=\"elementor-button elementor-button-link elementor-size-sm elementor-animation-grow\" href=\"https:\/\/www.wrservice.sk\/de\/unsere-leistungen\/waschen-ihrer-eigenen-waesche\/\">\n\t\t\t\t\t\t<span class=\"elementor-button-content-wrapper\">\n\t\t\t\t\t\t<span class=\"elementor-button-icon\">\n\t\t\t\t<svg xmlns=\"http:\/\/www.w3.org\/2000\/svg\" id=\"Layer_2\" viewBox=\"0 0 708.7 708.7\"><defs><style>      .st0 {        fill: #fff;      }    <\/style><\/defs><g><path class=\"st0\" d=\"M386,354.3s71.9,107.9,143.9,107.9,107.9-48.3,107.9-107.9-48.3-107.9-107.9-107.9-143.9,107.9-143.9,107.9ZM555,286.9c27.3,10.2,46.8,36.5,46.8,67.4s-19.5,57.2-46.8,67.4c-5.1,1.9-9.7-3.9-6.7-8.4,11.1-16.9,17.5-37.2,17.5-59s-6.4-42-17.5-59c-3-4.6,1.6-10.4,6.7-8.4Z\"><\/path><path class=\"st0\" d=\"M322.7,354.3s-71.9-107.9-143.9-107.9-107.9,48.3-107.9,107.9,48.3,107.9,107.9,107.9,143.9-107.9,143.9-107.9ZM153.6,421.7c-27.3-10.2-46.8-36.5-46.8-67.4s19.5-57.2,46.8-67.4c5.1-1.9,9.7,3.9,6.7,8.4-11.1,16.9-17.5,37.2-17.5,59s6.4,42,17.5,59c3,4.6-1.6,10.4-6.7,8.4Z\"><\/path><\/g><g><path class=\"st0\" d=\"M354.3,322.7s107.9-71.9,107.9-143.9-48.3-107.9-107.9-107.9-107.9,48.3-107.9,107.9,107.9,143.9,107.9,143.9ZM286.9,153.6c10.2-27.3,36.5-46.8,67.4-46.8s57.2,19.5,67.4,46.8c1.9,5.1-3.9,9.7-8.4,6.7-16.9-11.1-37.2-17.5-59-17.5s-42,6.4-59,17.5c-4.6,3-10.4-1.6-8.4-6.7Z\"><\/path><path class=\"st0\" d=\"M354.3,386s-107.9,71.9-107.9,143.9,48.3,107.9,107.9,107.9,107.9-48.3,107.9-107.9-107.9-143.9-107.9-143.9ZM421.7,555c-10.2,27.3-36.5,46.8-67.4,46.8s-57.2-19.5-67.4-46.8c-1.9-5.1,3.9-9.7,8.4-6.7,16.9,11.1,37.2,17.5,59,17.5s42-6.4,59-17.5c4.6-3,10.4,1.6,8.4,6.7Z\"><\/path><\/g><\/svg>\t\t\t<\/span>\n\t\t\t\t\t\t\t\t\t<span class=\"elementor-button-text\">Mehr erfahren<\/span>\n\t\t\t\t\t<\/span>\n\t\t\t\t\t<\/a>\n\t\t\t\t\t\t\t\t<\/div>\n\t\t\t\t<\/div>\n\t\t<div class=\"elementor-element elementor-element-20184f0 e-con-full e-flex e-con e-child\" data-id=\"20184f0\" data-element_type=\"container\" data-e-type=\"container\">\n\t\t\t\t<div class=\"elementor-element elementor-element-63ed8bf elementor-widget elementor-widget-image\" data-id=\"63ed8bf\" data-element_type=\"widget\" data-e-type=\"widget\" data-widget_type=\"image.default\">\n\t\t\t\t\t\t\t\t\t\t\t\t\t\t\t<img loading=\"lazy\" decoding=\"async\" width=\"446\" height=\"360\" src=\"https:\/\/www.wrservice.sk\/wp-content\/uploads\/2026\/02\/WR-SERVICE_ikony_kvet_13.png\" class=\"attachment-large size-large wp-image-608\" alt=\"\" srcset=\"https:\/\/www.wrservice.sk\/wp-content\/uploads\/2026\/02\/WR-SERVICE_ikony_kvet_13.png 446w, https:\/\/www.wrservice.sk\/wp-content\/uploads\/2026\/02\/WR-SERVICE_ikony_kvet_13-300x242.png 300w\" sizes=\"(max-width: 446px) 100vw, 446px\" \/>\t\t\t\t\t\t\t\t\t\t\t\t\t\t\t<\/div>\n\t\t\t\t<div class=\"elementor-element elementor-element-c7677a7 elementor-widget elementor-widget-heading\" data-id=\"c7677a7\" data-element_type=\"widget\" data-e-type=\"widget\" data-widget_type=\"heading.default\">\n\t\t\t\t\t<h3 class=\"elementor-heading-title elementor-size-default\">Verkauf neuer und gebrauchter W\u00e4sche<\/h3>\t\t\t\t<\/div>\n\t\t\t\t<div class=\"elementor-element elementor-element-5b0a304 elementor-widget elementor-widget-text-editor\" data-id=\"5b0a304\" data-element_type=\"widget\" data-e-type=\"widget\" data-widget_type=\"text-editor.default\">\n\t\t\t\t\t\t\t\t\t<p>Wir vermitteln Ihnen Hotel- oder Restaurantw\u00e4sche in hoher Qualit\u00e4t. Bei uns werden nur bew\u00e4hrte und ehrliche slowakische Marken eingekauft. Beim Verkauf gebrauchter W\u00e4sche suchen wir nur solche, die den vom Kunden festgelegten Standard erf\u00fcllt.  <\/p>\t\t\t\t\t\t\t\t<\/div>\n\t\t\t\t<div class=\"elementor-element elementor-element-cbca4fa elementor-widget elementor-widget-button\" data-id=\"cbca4fa\" data-element_type=\"widget\" data-e-type=\"widget\" data-widget_type=\"button.default\">\n\t\t\t\t\t\t\t\t\t\t<a class=\"elementor-button elementor-button-link elementor-size-sm elementor-animation-grow\" href=\"https:\/\/www.wrservice.sk\/de\/unsere-leistungen\/verkauf-neuer-oder-gebrauchter-waesche\/\">\n\t\t\t\t\t\t<span class=\"elementor-button-content-wrapper\">\n\t\t\t\t\t\t<span class=\"elementor-button-icon\">\n\t\t\t\t<svg xmlns=\"http:\/\/www.w3.org\/2000\/svg\" id=\"Layer_2\" viewBox=\"0 0 708.7 708.7\"><defs><style>      .st0 {        fill: #fff;      }    <\/style><\/defs><g><path class=\"st0\" d=\"M386,354.3s71.9,107.9,143.9,107.9,107.9-48.3,107.9-107.9-48.3-107.9-107.9-107.9-143.9,107.9-143.9,107.9ZM555,286.9c27.3,10.2,46.8,36.5,46.8,67.4s-19.5,57.2-46.8,67.4c-5.1,1.9-9.7-3.9-6.7-8.4,11.1-16.9,17.5-37.2,17.5-59s-6.4-42-17.5-59c-3-4.6,1.6-10.4,6.7-8.4Z\"><\/path><path class=\"st0\" d=\"M322.7,354.3s-71.9-107.9-143.9-107.9-107.9,48.3-107.9,107.9,48.3,107.9,107.9,107.9,143.9-107.9,143.9-107.9ZM153.6,421.7c-27.3-10.2-46.8-36.5-46.8-67.4s19.5-57.2,46.8-67.4c5.1-1.9,9.7,3.9,6.7,8.4-11.1,16.9-17.5,37.2-17.5,59s6.4,42,17.5,59c3,4.6-1.6,10.4-6.7,8.4Z\"><\/path><\/g><g><path class=\"st0\" d=\"M354.3,322.7s107.9-71.9,107.9-143.9-48.3-107.9-107.9-107.9-107.9,48.3-107.9,107.9,107.9,143.9,107.9,143.9ZM286.9,153.6c10.2-27.3,36.5-46.8,67.4-46.8s57.2,19.5,67.4,46.8c1.9,5.1-3.9,9.7-8.4,6.7-16.9-11.1-37.2-17.5-59-17.5s-42,6.4-59,17.5c-4.6,3-10.4-1.6-8.4-6.7Z\"><\/path><path class=\"st0\" d=\"M354.3,386s-107.9,71.9-107.9,143.9,48.3,107.9,107.9,107.9,107.9-48.3,107.9-107.9-107.9-143.9-107.9-143.9ZM421.7,555c-10.2,27.3-36.5,46.8-67.4,46.8s-57.2-19.5-67.4-46.8c-1.9-5.1,3.9-9.7,8.4-6.7,16.9,11.1,37.2,17.5,59,17.5s42-6.4,59-17.5c4.6-3,10.4,1.6,8.4,6.7Z\"><\/path><\/g><\/svg>\t\t\t<\/span>\n\t\t\t\t\t\t\t\t\t<span class=\"elementor-button-text\">Mehr erfahren<\/span>\n\t\t\t\t\t<\/span>\n\t\t\t\t\t<\/a>\n\t\t\t\t\t\t\t\t<\/div>\n\t\t\t\t<\/div>\n\t\t\t\t\t<\/div>\n\t\t\t\t<\/div>\n\t\t\t\t<\/div>\n\t\t","protected":false},"excerpt":{"rendered":"<p>Hochwertiger Service, respektvolle Kommunikation, Einhaltung von Terminen Kontakt Vermieten und Waschen von W\u00e4sche Dank dieser Dienstleistung erhalten Sie hochwertige, 100 % ige Baumwollw\u00e4sche f\u00fcr Ihr Gesch\u00e4ft. Sie m\u00fcssen sich weder um ihren Einkauf noch um ihre Lagerung k\u00fcmmern. Wir erscheinen stets zum vereinbarten Zeitpunkt und liefern eine saubere Ladung, die den Bedarf Ihrer aktuellen Saison [&hellip;]<\/p>\n","protected":false},"author":1,"featured_media":0,"parent":0,"menu_order":0,"comment_status":"closed","ping_status":"closed","template":"","meta":{"footnotes":""},"class_list":["post-778","page","type-page","status-publish","hentry"],"yoast_head":"<!-- This site is optimized with the Yoast SEO plugin v27.1.1 - https:\/\/yoast.com\/product\/yoast-seo-wordpress\/ -->\n<title>Unsere Leistungen - WRSERVICE<\/title>\n<meta name=\"robots\" content=\"index, follow, max-snippet:-1, max-image-preview:large, max-video-preview:-1\" \/>\n<link rel=\"canonical\" href=\"https:\/\/www.wrservice.sk\/de\/unsere-leistungen\/\" \/>\n<meta property=\"og:locale\" content=\"de_DE\" \/>\n<meta property=\"og:type\" content=\"article\" \/>\n<meta property=\"og:title\" content=\"Unsere Leistungen - WRSERVICE\" \/>\n<meta property=\"og:description\" content=\"Hochwertiger Service, respektvolle Kommunikation, Einhaltung von Terminen Kontakt Vermieten und Waschen von W\u00e4sche Dank dieser Dienstleistung erhalten Sie hochwertige, 100 % ige Baumwollw\u00e4sche f\u00fcr Ihr Gesch\u00e4ft. Sie m\u00fcssen sich weder um ihren Einkauf noch um ihre Lagerung k\u00fcmmern. Wir erscheinen stets zum vereinbarten Zeitpunkt und liefern eine saubere Ladung, die den Bedarf Ihrer aktuellen Saison [&hellip;]\" \/>\n<meta property=\"og:url\" content=\"https:\/\/www.wrservice.sk\/de\/unsere-leistungen\/\" \/>\n<meta property=\"og:site_name\" content=\"WRSERVICE\" \/>\n<meta property=\"article:modified_time\" content=\"2026-03-09T10:08:34+00:00\" \/>\n<meta property=\"og:image\" content=\"https:\/\/www.wrservice.sk\/wp-content\/uploads\/2026\/02\/WR-SERVICE_pattern_RGB-1024x1024.png\" \/>\n<meta name=\"twitter:card\" content=\"summary_large_image\" \/>\n<meta name=\"twitter:label1\" content=\"Gesch\u00e4tzte Lesezeit\" \/>\n\t<meta name=\"twitter:data1\" content=\"1\u00a0Minute\" \/>\n<script type=\"application\/ld+json\" class=\"yoast-schema-graph\">{\"@context\":\"https:\/\/schema.org\",\"@graph\":[{\"@type\":\"WebPage\",\"@id\":\"https:\/\/www.wrservice.sk\/de\/unsere-leistungen\/\",\"url\":\"https:\/\/www.wrservice.sk\/de\/unsere-leistungen\/\",\"name\":\"Unsere Leistungen - WRSERVICE\",\"isPartOf\":{\"@id\":\"https:\/\/www.wrservice.sk\/de\/#website\"},\"primaryImageOfPage\":{\"@id\":\"https:\/\/www.wrservice.sk\/de\/unsere-leistungen\/#primaryimage\"},\"image\":{\"@id\":\"https:\/\/www.wrservice.sk\/de\/unsere-leistungen\/#primaryimage\"},\"thumbnailUrl\":\"https:\/\/www.wrservice.sk\/wp-content\/uploads\/2026\/02\/WR-SERVICE_pattern_RGB-1024x1024.png\",\"datePublished\":\"2026-02-06T06:54:53+00:00\",\"dateModified\":\"2026-03-09T10:08:34+00:00\",\"breadcrumb\":{\"@id\":\"https:\/\/www.wrservice.sk\/de\/unsere-leistungen\/#breadcrumb\"},\"inLanguage\":\"de\",\"potentialAction\":[{\"@type\":\"ReadAction\",\"target\":[\"https:\/\/www.wrservice.sk\/de\/unsere-leistungen\/\"]}]},{\"@type\":\"ImageObject\",\"inLanguage\":\"de\",\"@id\":\"https:\/\/www.wrservice.sk\/de\/unsere-leistungen\/#primaryimage\",\"url\":\"https:\/\/www.wrservice.sk\/wp-content\/uploads\/2026\/02\/WR-SERVICE_pattern_RGB-1024x1024.png\",\"contentUrl\":\"https:\/\/www.wrservice.sk\/wp-content\/uploads\/2026\/02\/WR-SERVICE_pattern_RGB-1024x1024.png\"},{\"@type\":\"BreadcrumbList\",\"@id\":\"https:\/\/www.wrservice.sk\/de\/unsere-leistungen\/#breadcrumb\",\"itemListElement\":[{\"@type\":\"ListItem\",\"position\":1,\"name\":\"Home\",\"item\":\"https:\/\/www.wrservice.sk\/de\/\"},{\"@type\":\"ListItem\",\"position\":2,\"name\":\"Unsere Leistungen\"}]},{\"@type\":\"WebSite\",\"@id\":\"https:\/\/www.wrservice.sk\/de\/#website\",\"url\":\"https:\/\/www.wrservice.sk\/de\/\",\"name\":\"WRSERVICE\",\"description\":\"Spo\u013eahliv\u00e1 pr\u00e1\u010dov\u0148a pre hotelov\u00fa a gastro bielize\u0148\",\"publisher\":{\"@id\":\"https:\/\/www.wrservice.sk\/de\/#organization\"},\"potentialAction\":[{\"@type\":\"SearchAction\",\"target\":{\"@type\":\"EntryPoint\",\"urlTemplate\":\"https:\/\/www.wrservice.sk\/de\/?s={search_term_string}\"},\"query-input\":{\"@type\":\"PropertyValueSpecification\",\"valueRequired\":true,\"valueName\":\"search_term_string\"}}],\"inLanguage\":\"de\"},{\"@type\":\"Organization\",\"@id\":\"https:\/\/www.wrservice.sk\/de\/#organization\",\"name\":\"WRSERVICE\",\"url\":\"https:\/\/www.wrservice.sk\/de\/\",\"logo\":{\"@type\":\"ImageObject\",\"inLanguage\":\"de\",\"@id\":\"https:\/\/www.wrservice.sk\/de\/#\/schema\/logo\/image\/\",\"url\":\"https:\/\/www.wrservice.sk\/wp-content\/uploads\/2026\/02\/web-logo-scaled.jpg\",\"contentUrl\":\"https:\/\/www.wrservice.sk\/wp-content\/uploads\/2026\/02\/web-logo-scaled.jpg\",\"width\":2560,\"height\":1097,\"caption\":\"WRSERVICE\"},\"image\":{\"@id\":\"https:\/\/www.wrservice.sk\/de\/#\/schema\/logo\/image\/\"}}]}<\/script>\n<!-- \/ Yoast SEO plugin. -->","yoast_head_json":{"title":"Unsere Leistungen - WRSERVICE","robots":{"index":"index","follow":"follow","max-snippet":"max-snippet:-1","max-image-preview":"max-image-preview:large","max-video-preview":"max-video-preview:-1"},"canonical":"https:\/\/www.wrservice.sk\/de\/unsere-leistungen\/","og_locale":"de_DE","og_type":"article","og_title":"Unsere Leistungen - WRSERVICE","og_description":"Hochwertiger Service, respektvolle Kommunikation, Einhaltung von Terminen Kontakt Vermieten und Waschen von W\u00e4sche Dank dieser Dienstleistung erhalten Sie hochwertige, 100 % ige Baumwollw\u00e4sche f\u00fcr Ihr Gesch\u00e4ft. Sie m\u00fcssen sich weder um ihren Einkauf noch um ihre Lagerung k\u00fcmmern. Wir erscheinen stets zum vereinbarten Zeitpunkt und liefern eine saubere Ladung, die den Bedarf Ihrer aktuellen Saison [&hellip;]","og_url":"https:\/\/www.wrservice.sk\/de\/unsere-leistungen\/","og_site_name":"WRSERVICE","article_modified_time":"2026-03-09T10:08:34+00:00","og_image":[{"url":"https:\/\/www.wrservice.sk\/wp-content\/uploads\/2026\/02\/WR-SERVICE_pattern_RGB-1024x1024.png","type":"","width":"","height":""}],"twitter_card":"summary_large_image","twitter_misc":{"Gesch\u00e4tzte Lesezeit":"1\u00a0Minute"},"schema":{"@context":"https:\/\/schema.org","@graph":[{"@type":"WebPage","@id":"https:\/\/www.wrservice.sk\/de\/unsere-leistungen\/","url":"https:\/\/www.wrservice.sk\/de\/unsere-leistungen\/","name":"Unsere Leistungen - WRSERVICE","isPartOf":{"@id":"https:\/\/www.wrservice.sk\/de\/#website"},"primaryImageOfPage":{"@id":"https:\/\/www.wrservice.sk\/de\/unsere-leistungen\/#primaryimage"},"image":{"@id":"https:\/\/www.wrservice.sk\/de\/unsere-leistungen\/#primaryimage"},"thumbnailUrl":"https:\/\/www.wrservice.sk\/wp-content\/uploads\/2026\/02\/WR-SERVICE_pattern_RGB-1024x1024.png","datePublished":"2026-02-06T06:54:53+00:00","dateModified":"2026-03-09T10:08:34+00:00","breadcrumb":{"@id":"https:\/\/www.wrservice.sk\/de\/unsere-leistungen\/#breadcrumb"},"inLanguage":"de","potentialAction":[{"@type":"ReadAction","target":["https:\/\/www.wrservice.sk\/de\/unsere-leistungen\/"]}]},{"@type":"ImageObject","inLanguage":"de","@id":"https:\/\/www.wrservice.sk\/de\/unsere-leistungen\/#primaryimage","url":"https:\/\/www.wrservice.sk\/wp-content\/uploads\/2026\/02\/WR-SERVICE_pattern_RGB-1024x1024.png","contentUrl":"https:\/\/www.wrservice.sk\/wp-content\/uploads\/2026\/02\/WR-SERVICE_pattern_RGB-1024x1024.png"},{"@type":"BreadcrumbList","@id":"https:\/\/www.wrservice.sk\/de\/unsere-leistungen\/#breadcrumb","itemListElement":[{"@type":"ListItem","position":1,"name":"Home","item":"https:\/\/www.wrservice.sk\/de\/"},{"@type":"ListItem","position":2,"name":"Unsere Leistungen"}]},{"@type":"WebSite","@id":"https:\/\/www.wrservice.sk\/de\/#website","url":"https:\/\/www.wrservice.sk\/de\/","name":"WRSERVICE","description":"Spo\u013eahliv\u00e1 pr\u00e1\u010dov\u0148a pre hotelov\u00fa a gastro bielize\u0148","publisher":{"@id":"https:\/\/www.wrservice.sk\/de\/#organization"},"potentialAction":[{"@type":"SearchAction","target":{"@type":"EntryPoint","urlTemplate":"https:\/\/www.wrservice.sk\/de\/?s={search_term_string}"},"query-input":{"@type":"PropertyValueSpecification","valueRequired":true,"valueName":"search_term_string"}}],"inLanguage":"de"},{"@type":"Organization","@id":"https:\/\/www.wrservice.sk\/de\/#organization","name":"WRSERVICE","url":"https:\/\/www.wrservice.sk\/de\/","logo":{"@type":"ImageObject","inLanguage":"de","@id":"https:\/\/www.wrservice.sk\/de\/#\/schema\/logo\/image\/","url":"https:\/\/www.wrservice.sk\/wp-content\/uploads\/2026\/02\/web-logo-scaled.jpg","contentUrl":"https:\/\/www.wrservice.sk\/wp-content\/uploads\/2026\/02\/web-logo-scaled.jpg","width":2560,"height":1097,"caption":"WRSERVICE"},"image":{"@id":"https:\/\/www.wrservice.sk\/de\/#\/schema\/logo\/image\/"}}]}},"_links":{"self":[{"href":"https:\/\/www.wrservice.sk\/de\/wp-json\/wp\/v2\/pages\/778","targetHints":{"allow":["GET"]}}],"collection":[{"href":"https:\/\/www.wrservice.sk\/de\/wp-json\/wp\/v2\/pages"}],"about":[{"href":"https:\/\/www.wrservice.sk\/de\/wp-json\/wp\/v2\/types\/page"}],"author":[{"embeddable":true,"href":"https:\/\/www.wrservice.sk\/de\/wp-json\/wp\/v2\/users\/1"}],"replies":[{"embeddable":true,"href":"https:\/\/www.wrservice.sk\/de\/wp-json\/wp\/v2\/comments?post=778"}],"version-history":[{"count":7,"href":"https:\/\/www.wrservice.sk\/de\/wp-json\/wp\/v2\/pages\/778\/revisions"}],"predecessor-version":[{"id":894,"href":"https:\/\/www.wrservice.sk\/de\/wp-json\/wp\/v2\/pages\/778\/revisions\/894"}],"wp:attachment":[{"href":"https:\/\/www.wrservice.sk\/de\/wp-json\/wp\/v2\/media?parent=778"}],"curies":[{"name":"wp","href":"https:\/\/api.w.org\/{rel}","templated":true}]}}